{"id":16,"date":"2017-03-27T19:44:24","date_gmt":"2017-03-27T17:44:24","guid":{"rendered":"http:\/\/abboxia.com\/?page_id=16"},"modified":"2024-08-20T08:52:02","modified_gmt":"2024-08-20T06:52:02","slug":"om-oss","status":"publish","type":"page","link":"https:\/\/abboxia.com\/?page_id=16","title":{"rendered":"Om oss"},"content":{"rendered":"<div id='av_section_1' class='avia-section main_color avia-section-default avia-no-border-styling avia-full-stretch av-parallax-section avia-bg-style-parallax  avia-builder-el-0  el_before_av_section  avia-builder-el-first   av-minimum-height av-minimum-height-50 container_wrap sidebar_right' style=' '  data-section-bg-repeat='stretch'><div class='av-parallax' data-avia-parallax-ratio='0.3' ><div class='av-parallax-inner main_color  avia-full-stretch' style = 'background-repeat: no-repeat; background-image: url(https:\/\/abboxia.com\/wp-content\/uploads\/2017\/04\/skog.jpg);background-attachment: scroll; background-position: center center; ' ><\/div><\/div><div class='container' ><main  role=\"main\" itemprop=\"mainContentOfPage\"  class='template-page content  av-content-small alpha units'><div class='post-entry post-entry-type-page post-entry-16'><div class='entry-content-wrapper clearfix'>\n<\/div><\/div><\/main><!-- close content main element --><\/div><\/div><div id='av_section_2' class='avia-section main_color avia-section-default avia-no-border-styling avia-bg-style-scroll  avia-builder-el-1  el_after_av_section  avia-builder-el-last   container_wrap sidebar_right' style=' '  ><div class='container' ><div class='template-page content  av-content-small alpha units'><div class='post-entry post-entry-type-page post-entry-16'><div class='entry-content-wrapper clearfix'>\n<div style='height:50px' class='hr hr-invisible   avia-builder-el-2  el_before_av_two_third  avia-builder-el-first '><span class='hr-inner ' ><span class='hr-inner-style'><\/span><\/span><\/div>\n<div class=\"flex_column av_two_third  flex_column_div av-zero-column-padding first  avia-builder-el-3  el_after_av_hr  el_before_av_one_third  \" style='border-radius:0px; '><p><div style='padding-bottom:10px; ' class='av-special-heading av-special-heading-h2  blockquote modern-quote  avia-builder-el-4  el_before_av_textblock  avia-builder-el-first   '><h2 class='av-special-heading-tag '  itemprop=\"headline\"  >Abboxia &#8211;  ett svenskt l\u00e4kemedelsf\u00f6retag.<\/h2><div class='special-heading-border'><div class='special-heading-inner-border' ><\/div><\/div><\/div><br \/>\n<section class=\"av_textblock_section \"  itemscope=\"itemscope\" itemtype=\"https:\/\/schema.org\/CreativeWork\" ><div class='avia_textblock  '   itemprop=\"text\" ><p><span style=\"font-weight: 400;\">Abboxia \u2013 ett svenskt innovativt l\u00e4kemedelsf\u00f6retag inom specialty pharma<\/span><\/p>\n<p><span style=\"font-weight: 400;\">Abboxia \u00e4r ett svenskt privat\u00e4gt l\u00e4kemedelsf\u00f6retag med fokus p\u00e5 Norden. Vi str\u00e4var efter att tillhandah\u00e5lla l\u00e4kemedel som efterfr\u00e5gas av sjukv\u00e5rden i de nordiska l\u00e4nderna. Det g\u00f6r vi genom utveckling, registrering och marknadsf\u00f6ring av l\u00e4kemedel som sjukv\u00e5rden har behov av.<\/span><\/p>\n<p><span style=\"font-weight: 400;\">V\u00e5r verksamhet bygger p\u00e5 l\u00e5ng erfarenhet av den nordiska l\u00e4kemedelsmarknaden och p\u00e5 ett n\u00e4ra samarbete med sjukv\u00e5rden.<\/span><\/p>\n<p><span style=\"font-weight: 400;\">Vi samarbe<\/span><span style=\"font-weight: 400;\">tar med l\u00e4kemedelstillverkare runt om i Europa, samtliga godk\u00e4nda av europeiska l\u00e4kemedelsmyndigheter. Tillverkningen sker i enlighet med g\u00e4llande europeisk l\u00e4kemedels- och milj\u00f6lagstiftning. F\u00f6r att s\u00e4kerst\u00e4lla h\u00f6g leveranss\u00e4kerhet lagerh\u00e5ller och distribuerar vi v\u00e5ra l\u00e4kemedel via de ledande distribut\u00f6rerna av l\u00e4kemedel i Norden.<\/span><\/p>\n<h2>Nyheter<\/h2>\n<p>Augusti 2024<\/p>\n<p>FrostPharma och Abboxia g\u00e5r samman under namnet FrostPharma och blir ett av Specialistl\u00e4kemedelsbolagen med det bredaste sortimentet av sjukhusl\u00e4kemedel i Norden.<\/p>\n<p>FrostPharmas kommersiella styrka och f\u00f6rm\u00e5ga att bygga strategiska allianser, kombinerat med Abboxias portf\u00f6ljutvecklingsf\u00f6rm\u00e5ga skapar m\u00f6jligheter att leverera betydligt fler viktiga sjukhusl\u00e4kemedel till nordiska v\u00e5rdgivare vid behandling av patienter med kritiska tillst\u00e5nd.<\/p>\n<p>Genom att g\u00e5 samman med Abboxia har FrostPharma blivit ett av de ledande Specialistl\u00e4kemedelsbolagen i Norden.<\/p>\n<p>&#8212;&#8212;&#8212;&#8212;&#8212;&#8212;&#8212;&#8212;&#8212;&#8212;&#8212;&#8212;&#8212;&#8212;&#8212;&#8212;&#8211;<\/p>\n<p>Om FrostPharma och Abboxia<\/p>\n<p>FrostPharma grundades i slutet av 2016 och har en framg\u00e5ngsrik historik av att bygga strategiska partnerskap med andra l\u00e4kemedelsf\u00f6retag, och att effektivt tillhandah\u00e5lla och kommersialisera ett brett spektrum av specialistl\u00e4kemedel p\u00e5 de nordiska marknaderna.<\/p>\n<p>Abboxia grundades 2017 och har framg\u00e5ngsrikt utvecklat ett flertal egna specialistl\u00e4kemedel inom sjukhussegmentet f\u00f6r den nordiska marknaden.<\/p>\n<\/div><\/section><\/p><\/div><div class=\"flex_column av_one_third  flex_column_div av-zero-column-padding   avia-builder-el-6  el_after_av_two_third  avia-builder-el-last  \" style='border-radius:0px; '><div class='avia-image-container  av-styling-    avia-builder-el-7  avia-builder-el-no-sibling  avia-align-center '  itemprop=\"image\" itemscope=\"itemscope\" itemtype=\"https:\/\/schema.org\/ImageObject\"  ><div class='avia-image-container-inner'><div class='avia-image-overlay-wrap'><img class='avia_image' src='https:\/\/abboxia.com\/wp-content\/uploads\/2017\/04\/injektion.jpg' alt='injektion' title='injektion' height=\"700\" width=\"700\"  itemprop=\"thumbnailUrl\"  \/><\/div><\/div><\/div><\/div><\/div><\/div><\/div><!-- close content main div --><\/div><\/div><div id='after_section_2' class='main_color av_default_container_wrap container_wrap sidebar_right' style=' '  ><div class='container' ><div class='template-page content  av-content-small alpha units'><div class='post-entry post-entry-type-page post-entry-16'><div class='entry-content-wrapper clearfix'>\n","protected":false},"excerpt":{"rendered":"","protected":false},"author":1,"featured_media":0,"parent":0,"menu_order":0,"comment_status":"closed","ping_status":"closed","template":"","meta":{"footnotes":""},"class_list":["post-16","page","type-page","status-publish","hentry"],"_links":{"self":[{"href":"https:\/\/abboxia.com\/index.php?rest_route=\/wp\/v2\/pages\/16","targetHints":{"allow":["GET"]}}],"collection":[{"href":"https:\/\/abboxia.com\/index.php?rest_route=\/wp\/v2\/pages"}],"about":[{"href":"https:\/\/abboxia.com\/index.php?rest_route=\/wp\/v2\/types\/page"}],"author":[{"embeddable":true,"href":"https:\/\/abboxia.com\/index.php?rest_route=\/wp\/v2\/users\/1"}],"replies":[{"embeddable":true,"href":"https:\/\/abboxia.com\/index.php?rest_route=%2Fwp%2Fv2%2Fcomments&post=16"}],"version-history":[{"count":33,"href":"https:\/\/abboxia.com\/index.php?rest_route=\/wp\/v2\/pages\/16\/revisions"}],"predecessor-version":[{"id":596,"href":"https:\/\/abboxia.com\/index.php?rest_route=\/wp\/v2\/pages\/16\/revisions\/596"}],"wp:attachment":[{"href":"https:\/\/abboxia.com\/index.php?rest_route=%2Fwp%2Fv2%2Fmedia&parent=16"}],"curies":[{"name":"wp","href":"https:\/\/api.w.org\/{rel}","templated":true}]}}